{"id":87,"date":"2020-03-09T16:57:43","date_gmt":"2020-03-09T16:57:43","guid":{"rendered":"http:\/\/gaestehaus-hauser-rust.de\/wp\/?page_id=87"},"modified":"2020-07-01T17:27:19","modified_gmt":"2020-07-01T17:27:19","slug":"freizeit","status":"publish","type":"page","link":"https:\/\/gaestehaus-hauser-rust.de\/wp\/freizeit\/","title":{"rendered":"Freizeit"},"content":{"rendered":"<p><img loading=\"lazy\" decoding=\"async\" class=\"alignnone size-medium wp-image-116\" src=\"http:\/\/gaestehaus-hauser-rust.de\/wp\/wp-content\/uploads\/2020\/03\/amusement-park-237200_1920-300x169.jpg\" alt=\"\" width=\"300\" height=\"169\" srcset=\"https:\/\/gaestehaus-hauser-rust.de\/wp\/wp-content\/uploads\/2020\/03\/amusement-park-237200_1920-300x169.jpg 300w, https:\/\/gaestehaus-hauser-rust.de\/wp\/wp-content\/uploads\/2020\/03\/amusement-park-237200_1920-1024x576.jpg 1024w, https:\/\/gaestehaus-hauser-rust.de\/wp\/wp-content\/uploads\/2020\/03\/amusement-park-237200_1920-768x432.jpg 768w, https:\/\/gaestehaus-hauser-rust.de\/wp\/wp-content\/uploads\/2020\/03\/amusement-park-237200_1920-1536x864.jpg 1536w, https:\/\/gaestehaus-hauser-rust.de\/wp\/wp-content\/uploads\/2020\/03\/amusement-park-237200_1920.jpg 1920w\" sizes=\"auto, (max-width: 300px) 100vw, 300px\" \/><br \/>\nEuropa Park<br \/>\nDeutschlands gr\u00f6\u00dfter Freizeitpark<br \/>\n<a href=\"http:\/\/www.europapark.de\" target=\"_blank\" rel=\"noopener noreferrer\">www.europapark.de<\/a><\/p>\n<p><img loading=\"lazy\" decoding=\"async\" class=\"alignnone size-medium wp-image-99\" src=\"http:\/\/gaestehaus-hauser-rust.de\/wp\/wp-content\/uploads\/2020\/03\/116111-300x200.jpg\" alt=\"\" width=\"300\" height=\"200\" srcset=\"https:\/\/gaestehaus-hauser-rust.de\/wp\/wp-content\/uploads\/2020\/03\/116111-300x200.jpg 300w, https:\/\/gaestehaus-hauser-rust.de\/wp\/wp-content\/uploads\/2020\/03\/116111.jpg 559w\" sizes=\"auto, (max-width: 300px) 100vw, 300px\" \/><br \/>\nRulantica<br \/>\nDie Wassererlebniswelt des Europa-Park<br \/>\n<a href=\"http:\/\/www.rulantica.de\" target=\"_blank\" rel=\"noopener noreferrer\">www.rulantica.de<\/a><\/p>\n<p><img loading=\"lazy\" decoding=\"async\" class=\"alignnone size-medium wp-image-115\" src=\"http:\/\/gaestehaus-hauser-rust.de\/wp\/wp-content\/uploads\/2020\/03\/freiburg-3789032_1920-300x215.jpg\" alt=\"\" width=\"300\" height=\"215\" srcset=\"https:\/\/gaestehaus-hauser-rust.de\/wp\/wp-content\/uploads\/2020\/03\/freiburg-3789032_1920-300x215.jpg 300w, https:\/\/gaestehaus-hauser-rust.de\/wp\/wp-content\/uploads\/2020\/03\/freiburg-3789032_1920-1024x735.jpg 1024w, https:\/\/gaestehaus-hauser-rust.de\/wp\/wp-content\/uploads\/2020\/03\/freiburg-3789032_1920-768x552.jpg 768w, https:\/\/gaestehaus-hauser-rust.de\/wp\/wp-content\/uploads\/2020\/03\/freiburg-3789032_1920-1536x1103.jpg 1536w, https:\/\/gaestehaus-hauser-rust.de\/wp\/wp-content\/uploads\/2020\/03\/freiburg-3789032_1920.jpg 1920w\" sizes=\"auto, (max-width: 300px) 100vw, 300px\" \/><br \/>\nFreiburg<br \/>\nUniversit\u00e4tsstadt mit historischen Bauwerken<br \/>\n<a href=\"http:\/\/www.freiburg.de\" target=\"_blank\" rel=\"noopener noreferrer\">www.freiburg.de<\/a><\/p>\n<p><img loading=\"lazy\" decoding=\"async\" class=\"alignnone size-medium wp-image-113\" src=\"http:\/\/gaestehaus-hauser-rust.de\/wp\/wp-content\/uploads\/2020\/03\/kahn-378475_1920-300x225.jpg\" alt=\"\" width=\"300\" height=\"225\" srcset=\"https:\/\/gaestehaus-hauser-rust.de\/wp\/wp-content\/uploads\/2020\/03\/kahn-378475_1920-300x225.jpg 300w, https:\/\/gaestehaus-hauser-rust.de\/wp\/wp-content\/uploads\/2020\/03\/kahn-378475_1920-1024x768.jpg 1024w, https:\/\/gaestehaus-hauser-rust.de\/wp\/wp-content\/uploads\/2020\/03\/kahn-378475_1920-768x576.jpg 768w, https:\/\/gaestehaus-hauser-rust.de\/wp\/wp-content\/uploads\/2020\/03\/kahn-378475_1920-1536x1152.jpg 1536w, https:\/\/gaestehaus-hauser-rust.de\/wp\/wp-content\/uploads\/2020\/03\/kahn-378475_1920.jpg 1920w\" sizes=\"auto, (max-width: 300px) 100vw, 300px\" \/><br \/>\nTaubergiessen<br \/>\nEine der letzen Urweltlandschaften Deutschlands direkt vor unserer Haust\u00fcre. Hier leben ungest\u00f6rt eine Vielzahl bedrohter Tier- und Pflanzenarten.<br \/>\n<a href=\"http:\/\/www.taubergiessen.net\" target=\"_blank\" rel=\"noopener noreferrer\">www.taubergiessen.net<\/a><\/p>\n<p><img loading=\"lazy\" decoding=\"async\" class=\"alignnone size-medium wp-image-117\" src=\"http:\/\/gaestehaus-hauser-rust.de\/wp\/wp-content\/uploads\/2020\/03\/castle-1384457_1920-225x300.jpg\" alt=\"\" width=\"225\" height=\"300\" srcset=\"https:\/\/gaestehaus-hauser-rust.de\/wp\/wp-content\/uploads\/2020\/03\/castle-1384457_1920-225x300.jpg 225w, https:\/\/gaestehaus-hauser-rust.de\/wp\/wp-content\/uploads\/2020\/03\/castle-1384457_1920-768x1024.jpg 768w, https:\/\/gaestehaus-hauser-rust.de\/wp\/wp-content\/uploads\/2020\/03\/castle-1384457_1920-1152x1536.jpg 1152w, https:\/\/gaestehaus-hauser-rust.de\/wp\/wp-content\/uploads\/2020\/03\/castle-1384457_1920.jpg 1440w\" sizes=\"auto, (max-width: 225px) 100vw, 225px\" \/><br \/>\nHochk\u00f6nigsburg<br \/>\nMittelalterliche Museumsburg, Affenwald mit frei laufenden, zahmen Affen<br \/>\n<a href=\"https:\/\/www.haut-koenigsbourg.fr\/de\/\" target=\"_blank\" rel=\"noopener noreferrer\">www.haut-koenigsbourg.fr\/de\/<\/a><\/p>\n<p><img loading=\"lazy\" decoding=\"async\" class=\"alignnone size-medium wp-image-114\" src=\"http:\/\/gaestehaus-hauser-rust.de\/wp\/wp-content\/uploads\/2020\/03\/germany-4670767_1920-300x199.jpg\" alt=\"\" width=\"300\" height=\"199\" srcset=\"https:\/\/gaestehaus-hauser-rust.de\/wp\/wp-content\/uploads\/2020\/03\/germany-4670767_1920-300x199.jpg 300w, https:\/\/gaestehaus-hauser-rust.de\/wp\/wp-content\/uploads\/2020\/03\/germany-4670767_1920-1024x678.jpg 1024w, https:\/\/gaestehaus-hauser-rust.de\/wp\/wp-content\/uploads\/2020\/03\/germany-4670767_1920-768x508.jpg 768w, https:\/\/gaestehaus-hauser-rust.de\/wp\/wp-content\/uploads\/2020\/03\/germany-4670767_1920-1536x1017.jpg 1536w, https:\/\/gaestehaus-hauser-rust.de\/wp\/wp-content\/uploads\/2020\/03\/germany-4670767_1920.jpg 1920w\" sizes=\"auto, (max-width: 300px) 100vw, 300px\" \/><br \/>\nKaiserstuhl<br \/>\nSonnenverw\u00f6hntes Weinbaugebiet mit typischen Weind\u00f6rfern in einer wild-romantischen Vulkanlandschaft<br \/>\n<a href=\"https:\/\/www.naturgarten-kaiserstuhl.de\" target=\"_blank\" rel=\"noopener noreferrer\">www.naturgarten-kaiserstuhl.de<\/a><\/p>\n","protected":false},"excerpt":{"rendered":"<p>Europa Park Deutschlands gr\u00f6\u00dfter Freizeitpark www.europapark.de Rulantica Die Wassererlebniswelt des Europa-Park www.rulantica.de Freiburg Universit\u00e4tsstadt mit historischen Bauwerken www.freiburg.de Taubergiessen Eine der letzen Urweltlandschaften Deutschlands direkt vor unserer Haust\u00fcre. Hier leben ungest\u00f6rt eine Vielzahl bedrohter Tier- und Pflanzenarten. www.taubergiessen.net Hochk\u00f6nigsburg Mittelalterliche Museumsburg, Affenwald mit frei laufenden, zahmen Affen www.haut-koenigsbourg.fr\/de\/ Kaiserstuhl Sonnenverw\u00f6hntes Weinbaugebiet mit typischen Weind\u00f6rfern in &hellip; <\/p>\n<p class=\"link-more\"><a href=\"https:\/\/gaestehaus-hauser-rust.de\/wp\/freizeit\/\" class=\"more-link\"><span class=\"screen-reader-text\">\u201eFreizeit\u201c <\/span>weiterlesen<\/a><\/p>\n","protected":false},"author":1,"featured_media":0,"parent":0,"menu_order":0,"comment_status":"closed","ping_status":"closed","template":"","meta":{"footnotes":""},"class_list":["post-87","page","type-page","status-publish","hentry"],"_links":{"self":[{"href":"https:\/\/gaestehaus-hauser-rust.de\/wp\/wp-json\/wp\/v2\/pages\/87","targetHints":{"allow":["GET"]}}],"collection":[{"href":"https:\/\/gaestehaus-hauser-rust.de\/wp\/wp-json\/wp\/v2\/pages"}],"about":[{"href":"https:\/\/gaestehaus-hauser-rust.de\/wp\/wp-json\/wp\/v2\/types\/page"}],"author":[{"embeddable":true,"href":"https:\/\/gaestehaus-hauser-rust.de\/wp\/wp-json\/wp\/v2\/users\/1"}],"replies":[{"embeddable":true,"href":"https:\/\/gaestehaus-hauser-rust.de\/wp\/wp-json\/wp\/v2\/comments?post=87"}],"version-history":[{"count":6,"href":"https:\/\/gaestehaus-hauser-rust.de\/wp\/wp-json\/wp\/v2\/pages\/87\/revisions"}],"predecessor-version":[{"id":130,"href":"https:\/\/gaestehaus-hauser-rust.de\/wp\/wp-json\/wp\/v2\/pages\/87\/revisions\/130"}],"wp:attachment":[{"href":"https:\/\/gaestehaus-hauser-rust.de\/wp\/wp-json\/wp\/v2\/media?parent=87"}],"curies":[{"name":"wp","href":"https:\/\/api.w.org\/{rel}","templated":true}]}}